{"id":145,"date":"2021-03-26T14:24:21","date_gmt":"2021-03-26T14:24:21","guid":{"rendered":"https:\/\/test.thecleaninglounge.de\/?page_id=145"},"modified":"2021-03-29T16:10:29","modified_gmt":"2021-03-29T16:10:29","slug":"ueber-mich","status":"publish","type":"page","link":"https:\/\/test.thecleaninglounge.de\/?page_id=145","title":{"rendered":"\u00dcber mich"},"content":{"rendered":"<p>[et_pb_section fb_built=&#8220;1&#8243; admin_label=&#8220;Header&#8220; _builder_version=&#8220;4.9.2&#8243; _module_preset=&#8220;default&#8220; background_color=&#8220;#f0f4f2&#8243; background_enable_image=&#8220;off&#8220; background_size=&#8220;initial&#8220; background_position=&#8220;center_right&#8220; overflow-x=&#8220;hidden&#8220; overflow-y=&#8220;hidden&#8220; custom_padding=&#8220;||0px||false|false&#8220; top_divider_style=&#8220;slant2&#8243; top_divider_color=&#8220;#40bfba&#8220; top_divider_flip=&#8220;horizontal&#8220; locked=&#8220;off&#8220;][et_pb_row column_structure=&#8220;1_2,1_2&#8243; _builder_version=&#8220;4.7.4&#8243; _module_preset=&#8220;default&#8220; custom_padding=&#8220;||0px||false|false&#8220;][et_pb_column type=&#8220;1_2&#8243; _builder_version=&#8220;4.7.4&#8243; _module_preset=&#8220;default&#8220; custom_padding=&#8220;||40px||false|false&#8220;][et_pb_text _builder_version=&#8220;4.9.2&#8243; _module_preset=&#8220;default&#8220; header_font=&#8220;Architects Daughter|600|||||||&#8220; header_font_size=&#8220;64px&#8220; header_line_height=&#8220;1.3em&#8220; min_height=&#8220;55.2px&#8220; custom_margin=&#8220;37px||10px|||&#8220; custom_padding=&#8220;||0px|||&#8220; header_font_size_tablet=&#8220;40px&#8220; header_font_size_phone=&#8220;24px&#8220; header_font_size_last_edited=&#8220;on|phone&#8220;]<\/p>\n<h1>\u00dcber mich<\/h1>\n<p>[\/et_pb_text][et_pb_text _builder_version=&#8220;4.9.2&#8243; _module_preset=&#8220;default&#8220; text_font=&#8220;ABeeZee||||||||&#8220; text_font_size=&#8220;22px&#8220; text_line_height=&#8220;1.5em&#8220; hover_enabled=&#8220;0&#8243; text_font_size_tablet=&#8220;18px&#8220; text_font_size_phone=&#8220;14px&#8220; text_font_size_last_edited=&#8220;on|phone&#8220; text_text_color=&#8220;#000000&#8243; sticky_enabled=&#8220;0&#8243;]<\/p>\n<p>&nbsp;<\/p>\n<p>Mein Name ist Dolan Jos\u00e9 &#8211; auf den Philippinen geboren, in Kanada aufgewachsen, in den USA studiert und seit 20 Jahren in Deutschland.<\/p>\n<p>&nbsp;<\/p>\n<p>[\/et_pb_text][et_pb_button button_text=&#8220;Kontaktiere mich&#8220; _builder_version=&#8220;4.9.2&#8243; _module_preset=&#8220;default&#8220; custom_button=&#8220;on&#8220; button_text_size=&#8220;12px&#8220; button_text_color=&#8220;#FFFFFF&#8220; button_bg_color=&#8220;#fbb356&#8243; button_border_width=&#8220;0px&#8220; button_border_radius=&#8220;0px&#8220; button_letter_spacing=&#8220;2px&#8220; button_font=&#8220;ABeeZee|700||on|||||&#8220; button_use_icon=&#8220;off&#8220; custom_padding=&#8220;25px|30px|25px|30px|true|true&#8220;][\/et_pb_button][\/et_pb_column][et_pb_column type=&#8220;1_2&#8243; _builder_version=&#8220;4.7.4&#8243; _module_preset=&#8220;default&#8220;][et_pb_image src=&#8220;https:\/\/test.thecleaninglounge.de\/wp-content\/uploads\/2021\/03\/Kopie-1von-Schwarz-weisses-klassisches-Restaurant-Logfarbe-richtig1.png&#8220; title_text=&#8220;Kopie 1von Schwarz-wei\u00dfes klassisches Restaurant-Logfarbe richtig1&#8243; _builder_version=&#8220;4.9.2&#8243; _module_preset=&#8220;default&#8220; max_width=&#8220;100%&#8220; custom_margin=&#8220;|-20vw|||false|false&#8220; custom_margin_tablet=&#8220;|0vw|||false|false&#8220; custom_margin_phone=&#8220;&#8220; custom_margin_last_edited=&#8220;on|tablet&#8220;][\/et_pb_image][\/et_pb_column][\/et_pb_row][\/et_pb_section][et_pb_section fb_built=&#8220;1&#8243; admin_label=&#8220;Services&#8220; _builder_version=&#8220;4.9.2&#8243; _module_preset=&#8220;default&#8220; custom_padding=&#8220;0px||0px|||&#8220; top_divider_style=&#8220;arrow3&#8243; top_divider_color=&#8220;#ade4e2&#8243; locked=&#8220;off&#8220;][et_pb_row column_structure=&#8220;2_3,1_3&#8243; use_custom_gutter=&#8220;on&#8220; gutter_width=&#8220;1&#8243; make_equal=&#8220;on&#8220; _builder_version=&#8220;4.9.2&#8243; _module_preset=&#8220;default&#8220; custom_margin=&#8220;||||false|false&#8220; custom_margin_last_edited=&#8220;off|desktop&#8220; custom_padding=&#8220;0px||0px||false|false&#8220;][et_pb_column type=&#8220;2_3&#8243; _builder_version=&#8220;4.7.4&#8243; _module_preset=&#8220;default&#8220; custom_padding=&#8220;60px||60px||true|false&#8220; custom_padding_tablet=&#8220;0px||0px||false|false&#8220; custom_padding_phone=&#8220;&#8220; custom_padding_last_edited=&#8220;on|desktop&#8220;][et_pb_text _builder_version=&#8220;4.9.2&#8243; _module_preset=&#8220;default&#8220; header_2_font=&#8220;Architects Daughter||||||||&#8220; header_2_font_size=&#8220;48px&#8220; header_2_line_height=&#8220;1.3em&#8220; header_2_font_size_tablet=&#8220;34px&#8220; header_2_font_size_phone=&#8220;22px&#8220; header_2_font_size_last_edited=&#8220;on|phone&#8220; locked=&#8220;off&#8220;]<\/p>\n<h2>Ich bin K\u00fcnstler, Entertainer, Choreograph und Regisseur.<\/h2>\n<p>[\/et_pb_text][et_pb_text _builder_version=&#8220;4.9.2&#8243; _module_preset=&#8220;default&#8220; text_font=&#8220;ABeeZee||||||||&#8220; text_text_color=&#8220;#000000&#8243; text_line_height=&#8220;1.8em&#8220; max_width=&#8220;550px&#8220; locked=&#8220;off&#8220;]<\/p>\n<p>Ich liebe meinen Beruf, bin kreativ und leidenschaftlich. Kreativit\u00e4t hei\u00dft auch Flexibilit\u00e4t. Schnelles Umdenken in diesen Zeiten ist \u00fcberlebenswichtig. Leider kann ich meiner Berufung momentan nicht nachgehen &#8211; aber Jammern oder aufgeben ist f\u00fcr mich keine Option.<\/p>\n<p>Ich muss sagen, mittlerweile finde ich auch viel Kreativit\u00e4t in meinem neuen Job.<\/p>\n<p>[\/et_pb_text][et_pb_button button_text=&#8220;Kontakt aufnehmen&#8220; _builder_version=&#8220;4.9.2&#8243; _module_preset=&#8220;default&#8220; custom_button=&#8220;on&#8220; button_text_size=&#8220;12px&#8220; button_text_color=&#8220;#ffffff&#8220; button_bg_color=&#8220;#fbb356&#8243; button_border_width=&#8220;0px&#8220; button_border_radius=&#8220;0px&#8220; button_letter_spacing=&#8220;1px&#8220; button_font=&#8220;ABeeZee|||on|||||&#8220; button_use_icon=&#8220;off&#8220; custom_margin=&#8220;20px||||false|false&#8220; custom_padding=&#8220;20px|60px|20px|60px|true|true&#8220; locked=&#8220;off&#8220;][\/et_pb_button][\/et_pb_column][et_pb_column type=&#8220;1_3&#8243; _builder_version=&#8220;4.9.2&#8243; _module_preset=&#8220;default&#8220; background_color=&#8220;#ade4e2&#8243; custom_padding=&#8220;40px|40px|40px|40px|true|true&#8220; border_width_all=&#8220;1px&#8220; border_color_all=&#8220;#ffffff&#8220;][et_pb_blurb title=&#8220;Schauspiel&#8220; image=&#8220;https:\/\/test.thecleaninglounge.de\/wp-content\/uploads\/2021\/03\/1.png&#8220; icon_alignment=&#8220;left&#8220; image_max_width=&#8220;72px&#8220; content_max_width=&#8220;100%&#8220; _builder_version=&#8220;4.9.2&#8243; _module_preset=&#8220;default&#8220; header_font=&#8220;Architects Daughter|700|||||||&#8220; header_font_size=&#8220;45px&#8220; body_font=&#8220;ABeeZee||||||||&#8220; body_text_color=&#8220;#6c7087&#8243; body_font_size=&#8220;12px&#8220; hover_enabled=&#8220;0&#8243; border_radii_image=&#8220;on|100px|100px|100px|100px&#8220; locked=&#8220;off&#8220; sticky_enabled=&#8220;0&#8243;][\/et_pb_blurb][\/et_pb_column][\/et_pb_row][et_pb_row column_structure=&#8220;1_3,1_3,1_3&#8243; use_custom_gutter=&#8220;on&#8220; gutter_width=&#8220;1&#8243; _builder_version=&#8220;4.9.2&#8243; _module_preset=&#8220;default&#8220; custom_margin=&#8220;||||false|false&#8220; custom_padding=&#8220;0px||0px||false|false&#8220;][et_pb_column type=&#8220;1_3&#8243; _builder_version=&#8220;4.9.2&#8243; _module_preset=&#8220;default&#8220; background_color=&#8220;#f2f8f5&#8243; custom_padding=&#8220;40px|40px|40px|40px|false|true&#8220; border_width_all=&#8220;1px&#8220; border_color_all=&#8220;#ffffff&#8220;][et_pb_blurb title=&#8220;Tanz&#8220; image=&#8220;https:\/\/test.thecleaninglounge.de\/wp-content\/uploads\/2021\/03\/3.png&#8220; icon_alignment=&#8220;left&#8220; image_max_width=&#8220;72px&#8220; content_max_width=&#8220;100%&#8220; _builder_version=&#8220;4.9.2&#8243; _module_preset=&#8220;default&#8220; header_font=&#8220;Architects Daughter|700|||||||&#8220; header_font_size=&#8220;45px&#8220; body_font=&#8220;ABeeZee||||||||&#8220; body_text_color=&#8220;#6c7087&#8243; body_font_size=&#8220;12px&#8220; hover_enabled=&#8220;0&#8243; border_radii_image=&#8220;on|100px|100px|100px|100px&#8220; locked=&#8220;off&#8220; sticky_enabled=&#8220;0&#8243;][\/et_pb_blurb][\/et_pb_column][et_pb_column type=&#8220;1_3&#8243; _builder_version=&#8220;4.9.2&#8243; _module_preset=&#8220;default&#8220; background_color=&#8220;#fddbaf&#8220; custom_padding=&#8220;40px|40px|40px|40px|true|true&#8220; border_width_all=&#8220;1px&#8220; border_color_all=&#8220;#ffffff&#8220;][et_pb_blurb title=&#8220;Gesang&#8220; image=&#8220;https:\/\/test.thecleaninglounge.de\/wp-content\/uploads\/2021\/03\/4.png&#8220; icon_alignment=&#8220;left&#8220; image_max_width=&#8220;72px&#8220; content_max_width=&#8220;100%&#8220; _builder_version=&#8220;4.9.2&#8243; _module_preset=&#8220;default&#8220; header_font=&#8220;Architects Daughter|700|||||||&#8220; header_font_size=&#8220;45px&#8220; body_font=&#8220;ABeeZee||||||||&#8220; body_text_color=&#8220;#6c7087&#8243; body_font_size=&#8220;12px&#8220; hover_enabled=&#8220;0&#8243; border_radii_image=&#8220;on|100px|100px|100px|100px&#8220; locked=&#8220;off&#8220; sticky_enabled=&#8220;0&#8243;][\/et_pb_blurb][\/et_pb_column][et_pb_column type=&#8220;1_3&#8243; _builder_version=&#8220;4.9.2&#8243; _module_preset=&#8220;default&#8220; background_color=&#8220;#f2f8f5&#8243; custom_padding=&#8220;40px|40px|40px|40px|true|true&#8220; border_width_all=&#8220;1px&#8220; border_color_all=&#8220;#ffffff&#8220;][et_pb_blurb title=&#8220;Regie \/ Film&#8220; image=&#8220;https:\/\/test.thecleaninglounge.de\/wp-content\/uploads\/2021\/03\/2.png&#8220; icon_alignment=&#8220;left&#8220; image_max_width=&#8220;72px&#8220; content_max_width=&#8220;100%&#8220; _builder_version=&#8220;4.9.2&#8243; _module_preset=&#8220;default&#8220; header_font=&#8220;Architects Daughter|700|||||||&#8220; header_font_size=&#8220;45px&#8220; body_font=&#8220;ABeeZee||||||||&#8220; body_text_color=&#8220;#6c7087&#8243; body_font_size=&#8220;12px&#8220; hover_enabled=&#8220;0&#8243; border_radii_image=&#8220;on|100px|100px|100px|100px&#8220; locked=&#8220;off&#8220; sticky_enabled=&#8220;0&#8243;][\/et_pb_blurb][\/et_pb_column][\/et_pb_row][\/et_pb_section][et_pb_section fb_built=&#8220;1&#8243; _builder_version=&#8220;4.9.2&#8243; _module_preset=&#8220;default&#8220; background_color=&#8220;#F2F8F5&#8243;][et_pb_row column_structure=&#8220;1_4,1_4,1_4,1_4&#8243; _builder_version=&#8220;4.9.2&#8243; _module_preset=&#8220;default&#8220;][et_pb_column type=&#8220;1_4&#8243; _builder_version=&#8220;4.9.2&#8243; _module_preset=&#8220;default&#8220;][dsm_image_accordion _builder_version=&#8220;4.9.2&#8243; _module_preset=&#8220;default&#8220;][dsm_image_accordion_child image_accordion_src=&#8220;https:\/\/test.thecleaninglounge.de\/wp-content\/uploads\/2021\/03\/Dolan_Jose_Rusty_Starlight_express-scaled.jpg&#8220; image_accordion_title=&#8220;Your Title Goes Here&#8220; image_accordion_desc=&#8220;Your description goes here. Edit or remove this text inline or in the description settings&#8220; _builder_version=&#8220;4.9.2&#8243; _module_preset=&#8220;default&#8220;][\/dsm_image_accordion_child][\/dsm_image_accordion][\/et_pb_column][et_pb_column type=&#8220;1_4&#8243; _builder_version=&#8220;4.9.2&#8243; _module_preset=&#8220;default&#8220;][dsm_image_accordion _builder_version=&#8220;4.9.2&#8243; _module_preset=&#8220;default&#8220;][dsm_image_accordion_child image_accordion_src=&#8220;https:\/\/test.thecleaninglounge.de\/wp-content\/uploads\/2021\/03\/Dolan_Jose\u0301_The_MusicLounge.jpg&#8220; image_accordion_title=&#8220;Your Title Goes Here&#8220; image_accordion_desc=&#8220;Your description goes here. Edit or remove this text inline or in the description settings&#8220; _builder_version=&#8220;4.9.2&#8243; _module_preset=&#8220;default&#8220;][\/dsm_image_accordion_child][\/dsm_image_accordion][\/et_pb_column][et_pb_column type=&#8220;1_4&#8243; _builder_version=&#8220;4.9.2&#8243; _module_preset=&#8220;default&#8220;][dsm_image_accordion _builder_version=&#8220;4.9.2&#8243; _module_preset=&#8220;default&#8220;][dsm_image_accordion_child image_accordion_src=&#8220;https:\/\/test.thecleaninglounge.de\/wp-content\/uploads\/2021\/03\/Dolan_Jose_Miss-Saigon-scaled.jpg&#8220; image_accordion_title=&#8220;Your Title Goes Here&#8220; image_accordion_desc=&#8220;Your description goes here. Edit or remove this text inline or in the description settings&#8220; _builder_version=&#8220;4.9.2&#8243; _module_preset=&#8220;default&#8220;][\/dsm_image_accordion_child][\/dsm_image_accordion][\/et_pb_column][et_pb_column type=&#8220;1_4&#8243; _builder_version=&#8220;4.9.2&#8243; _module_preset=&#8220;default&#8220;][dsm_image_accordion _builder_version=&#8220;4.9.2&#8243; _module_preset=&#8220;default&#8220;][dsm_image_accordion_child image_accordion_src=&#8220;https:\/\/test.thecleaninglounge.de\/wp-content\/uploads\/2021\/03\/Dolan_Jose_Electra_Starlight_express-scaled.jpg&#8220; image_accordion_title=&#8220;Your Title Goes Here&#8220; image_accordion_desc=&#8220;Your description goes here. Edit or remove this text inline or in the description settings&#8220; _builder_version=&#8220;4.9.2&#8243; _module_preset=&#8220;default&#8220;][\/dsm_image_accordion_child][\/dsm_image_accordion][\/et_pb_column][\/et_pb_row][\/et_pb_section][et_pb_section fb_built=&#8220;1&#8243; admin_label=&#8220;About&#8220; _builder_version=&#8220;4.9.2&#8243; _module_preset=&#8220;default&#8220; overflow-x=&#8220;hidden&#8220; overflow-y=&#8220;hidden&#8220; top_divider_style=&#8220;ramp2&#8243; top_divider_color=&#8220;#40bfba&#8220; locked=&#8220;off&#8220;][et_pb_row column_structure=&#8220;1_2,1_2&#8243; _builder_version=&#8220;4.6.0&#8243; _module_preset=&#8220;default&#8220;][et_pb_column type=&#8220;1_2&#8243; _builder_version=&#8220;4.6.0&#8243; _module_preset=&#8220;default&#8220;][et_pb_text _builder_version=&#8220;4.9.2&#8243; _module_preset=&#8220;default&#8220; header_3_font=&#8220;Architects Daughter|600|||||||&#8220; header_3_font_size=&#8220;20px&#8220; custom_margin=&#8220;||10px||false|false&#8220; hover_enabled=&#8220;0&#8243; locked=&#8220;off&#8220; text_text_color=&#8220;#000000&#8243; text_font_size=&#8220;16px&#8220; sticky_enabled=&#8220;0&#8243;]<\/p>\n<p>bunt und turbulent<\/p>\n<p>[\/et_pb_text][et_pb_divider color=&#8220;#F1BABF&#8220; _builder_version=&#8220;4.6.0&#8243; _module_preset=&#8220;default&#8220; width=&#8220;70%&#8220; locked=&#8220;off&#8220;][\/et_pb_divider][et_pb_text _builder_version=&#8220;4.9.2&#8243; _module_preset=&#8220;default&#8220; header_2_font=&#8220;Architects Daughter||||||||&#8220; header_2_font_size=&#8220;48px&#8220; header_2_line_height=&#8220;1.3em&#8220; hover_enabled=&#8220;0&#8243; header_2_font_size_tablet=&#8220;34px&#8220; header_2_font_size_phone=&#8220;22px&#8220; header_2_font_size_last_edited=&#8220;on|phone&#8220; locked=&#8220;off&#8220; header_2_2_font_size_tablet=&#8220;34px&#8220; header_3_2_font_size_tablet=&#8220;34px&#8220; header_4_2_font_size_tablet=&#8220;34px&#8220; header_5_2_font_size_tablet=&#8220;34px&#8220; header_6_2_font_size_tablet=&#8220;34px&#8220; header_2_2_font_size_phone=&#8220;22px&#8220; header_3_2_font_size_phone=&#8220;22px&#8220; header_4_2_font_size_phone=&#8220;22px&#8220; header_5_2_font_size_phone=&#8220;22px&#8220; header_6_2_font_size_phone=&#8220;22px&#8220; header_2_2_font_size_last_edited=&#8220;on|phone&#8220; header_3_2_font_size_last_edited=&#8220;on|phone&#8220; header_4_2_font_size_last_edited=&#8220;on|phone&#8220; header_5_2_font_size_last_edited=&#8220;on|phone&#8220; header_6_2_font_size_last_edited=&#8220;on|phone&#8220; sticky_enabled=&#8220;0&#8243;]<\/p>\n<h2>Meine Vita<\/h2>\n<p>[\/et_pb_text][et_pb_text _builder_version=&#8220;4.9.2&#8243; _module_preset=&#8220;default&#8220; text_font=&#8220;ABeeZee||||||||&#8220; text_text_color=&#8220;#000000&#8243; text_line_height=&#8220;2em&#8220; hover_enabled=&#8220;0&#8243; locked=&#8220;off&#8220; sticky_enabled=&#8220;0&#8243;]<\/p>\n<p><span>Ich wurde auf den Philippinen geboren und wuchs in Vancouver, Kanada <\/span><span>auf. Durch ein volles Stipendium am EDGE Performing Arts Center in <\/span><span>Hollywood, studierte ich Gesang, Tanz und Schauspiel.<\/span><\/p>\n<p><span>Ich war Mitglied des Originalcasts des Musicals \u201cMiss Saigon\u201d in <\/span><span>Toronto, Canada. Zudem spielte ich die Rolle von Tyronne Jackson in <\/span><span>\u201cFAME! The Musical\u201c. Ich wirkte au\u00dferdem mit in \u201eHello, Dolly!\u201c und <\/span><span>\u201ePirates Of Penzance\u201c. <\/span><\/p>\n<p><span>Ich spielte nicht blo\u00df die Rollen des \u201eRusty\u201c, <\/span><span>\u201eElectra\u201c und \u201eCaboose\u201c in dem erfolgreichsten Musical weltweit, \u201eStarlight Express\u201c, ich<\/span><span> war dazu noch als Dance Captain f\u00fcr die Choreografie der Show zust\u00e4ndig.<\/span><\/p>\n<p><span>In Berlin wandte ich mich wieder dem Musicalleben zu und spielte die Rollen <\/span><span>von \u201eMr. Schumacher\u201c und \u201eTito Suarez\u201c in \u201eDirty Dancing\u201c, wo ich <\/span><span>ebenfalls Dance Captain und Stellv. K\u00fcnstlerischer Leiter war. <\/span><\/p>\n<p><span>Unmittelbar <\/span><span>danach beteiligte ich mich an der k\u00fcnstlerischen Darbietung des neuen<\/span><span>Hitmusicals \u201eHinterm Horizont\u201c von Udo Lindenberg. Auch dort wurde ich <\/span><span>als Dance Captain und Stellv. K\u00fcnstlerischer Leiter engagiert.<\/span><\/p>\n<p><span><strong>Mein eigenes Musical \u201eIch Kann, Also Bin Ich\u201c, welches ich selbst geschrieben habe und Regie gef\u00fchrt habe, <\/strong><\/span><span><strong>war nominiert f\u00fcr den \u201eJugend Kultur Preis <\/strong><\/span><span><strong>2012\u201c \u2013 Ein Projekt f\u00fcr benachteiligte Kinder. <\/strong><\/span><\/p>\n<p><span><strong>Ich setzte die Arbeit <\/strong><\/span><span><strong>mit benachteiligten Kindern mit Hilfe des Projekts \u201eHinterm Horizont <\/strong><\/span><span><strong>Macht Schule\u201c in Leipzig fort, wo ich eine Version des Musicals von Udo <\/strong><\/span><span><strong>Lindenberg \u201eHinterm Horizont\u201c, mit Kindern inszenierte. <\/strong><\/span><\/p>\n<p><span><strong>M\u00f6glich machte <\/strong><\/span><span><strong>dies die \u201eUdo Lindenberg Stiftung\u201c und die \u201eWiedeking Stiftung\u201c. <\/strong><\/span><\/p>\n<p><span><strong>Es folgten weitere <\/strong><\/span><span><strong>Kinder &#8211; und Jugendmusicals wie z.B. das Musical &#8222;Toms s\u00fc\u00dfe Tr\u00e4ume&#8220;.<\/strong><\/span><\/p>\n<p><span><strong>Mein Projekt &#8222;The MusicLounge&#8220; ist eine sehr erfolgreiche Veranstaltungsreihe in Bad Saarow.<\/strong><\/span><\/p>\n<p>[\/et_pb_text][et_pb_button button_text=&#8220;Kontakt&#8220; _builder_version=&#8220;4.9.2&#8243; _module_preset=&#8220;default&#8220; custom_button=&#8220;on&#8220; button_text_size=&#8220;12px&#8220; button_text_color=&#8220;#ffffff&#8220; button_bg_color=&#8220;#FBB356&#8243; button_border_width=&#8220;0px&#8220; button_border_radius=&#8220;0px&#8220; button_letter_spacing=&#8220;2px&#8220; button_font=&#8220;ABeeZee|700||on|||||&#8220; button_use_icon=&#8220;off&#8220; custom_padding=&#8220;20px|30px|20px|30px|true|true&#8220; locked=&#8220;off&#8220;][\/et_pb_button][\/et_pb_column][et_pb_column type=&#8220;1_2&#8243; _builder_version=&#8220;4.6.0&#8243; _module_preset=&#8220;default&#8220;][et_pb_image src=&#8220;https:\/\/test.thecleaninglounge.de\/wp-content\/uploads\/2021\/03\/Design-ohne-Titel-9.png&#8220; title_text=&#8220;Design ohne Titel-9&#8243; _builder_version=&#8220;4.9.2&#8243; _module_preset=&#8220;default&#8220; custom_margin=&#8220;|-30vw|||false|false&#8220; custom_margin_tablet=&#8220;|0vw|||false|false&#8220; custom_margin_phone=&#8220;&#8220; custom_margin_last_edited=&#8220;on|tablet&#8220;][\/et_pb_image][\/et_pb_column][\/et_pb_row][\/et_pb_section][et_pb_section fb_built=&#8220;1&#8243; _builder_version=&#8220;4.9.1&#8243; _module_preset=&#8220;default&#8220; global_module=&#8220;127&#8243;][et_pb_row column_structure=&#8220;1_3,1_3,1_3&#8243; _builder_version=&#8220;4.9.1&#8243; _module_preset=&#8220;default&#8220;][et_pb_column type=&#8220;1_3&#8243; _builder_version=&#8220;4.9.1&#8243; _module_preset=&#8220;default&#8220;][et_pb_image src=&#8220;https:\/\/test.thecleaninglounge.de\/wp-content\/uploads\/2021\/03\/C1.png&#8220; title_text=&#8220;C1&#8243; _builder_version=&#8220;4.9.1&#8243; _module_preset=&#8220;default&#8220;][\/et_pb_image][\/et_pb_column][et_pb_column type=&#8220;1_3&#8243; _builder_version=&#8220;4.9.1&#8243; _module_preset=&#8220;default&#8220;][et_pb_text _builder_version=&#8220;4.9.1&#8243; _module_preset=&#8220;default&#8220;]<\/p>\n<p>The CleaningLounge<br \/>Professioneller Haus &#8211; und Gartenservice<\/p>\n<p>Dolan Jos\u00e9<br \/>Ulmenstra\u00dfe 11<br \/>15526 Bad Saarow<\/p>\n<p><a href=\"mailto:mail@dolanjose.com\">mail@dolanjose.com<\/a><\/p>\n<p>+49 151 414 113 98<\/p>\n<p>&nbsp;<\/p>\n<p>[\/et_pb_text][\/et_pb_column][et_pb_column type=&#8220;1_3&#8243; _builder_version=&#8220;4.9.1&#8243; _module_preset=&#8220;default&#8220;][et_pb_text _builder_version=&#8220;4.9.1&#8243; _module_preset=&#8220;default&#8220;]<\/p>\n<p>Impressum<\/p>\n<p>Datenschutz<\/p>\n<p>[\/et_pb_text][\/et_pb_column][\/et_pb_row][\/et_pb_section]<\/p>\n","protected":false},"excerpt":{"rendered":"<p>[et_pb_section fb_built=&#8220;1&#8243; admin_label=&#8220;Header&#8220; _builder_version=&#8220;4.9.2&#8243; _module_preset=&#8220;default&#8220; background_color=&#8220;#f0f4f2&#8243; background_enable_image=&#8220;off&#8220; background_size=&#8220;initial&#8220; background_position=&#8220;center_right&#8220; overflow-x=&#8220;hidden&#8220; overflow-y=&#8220;hidden&#8220; custom_padding=&#8220;||0px||false|false&#8220; top_divider_style=&#8220;slant2&#8243; top_divider_color=&#8220;#40bfba&#8220; top_divider_flip=&#8220;horizontal&#8220; locked=&#8220;off&#8220;][et_pb_row column_structure=&#8220;1_2,1_2&#8243; _builder_version=&#8220;4.7.4&#8243; _module_preset=&#8220;default&#8220; custom_padding=&#8220;||0px||false|false&#8220;][et_pb_column type=&#8220;1_2&#8243; _builder_version=&#8220;4.7.4&#8243; _module_preset=&#8220;default&#8220; custom_padding=&#8220;||40px||false|false&#8220;][et_pb_text _builder_version=&#8220;4.9.2&#8243; _module_preset=&#8220;default&#8220; header_font=&#8220;Architects Daughter|600|||||||&#8220; header_font_size=&#8220;64px&#8220; header_line_height=&#8220;1.3em&#8220; min_height=&#8220;55.2px&#8220; custom_margin=&#8220;37px||10px|||&#8220; custom_padding=&#8220;||0px|||&#8220; header_font_size_tablet=&#8220;40px&#8220; header_font_size_phone=&#8220;24px&#8220; header_font_size_last_edited=&#8220;on|phone&#8220;] \u00dcber mich [\/et_pb_text][et_pb_text _builder_version=&#8220;4.9.2&#8243; _module_preset=&#8220;default&#8220; text_font=&#8220;ABeeZee||||||||&#8220; text_font_size=&#8220;22px&#8220; text_line_height=&#8220;1.5em&#8220; hover_enabled=&#8220;0&#8243; text_font_size_tablet=&#8220;18px&#8220; text_font_size_phone=&#8220;14px&#8220; text_font_size_last_edited=&#8220;on|phone&#8220; text_text_color=&#8220;#000000&#8243; sticky_enabled=&#8220;0&#8243;] &nbsp; Mein Name ist Dolan [&hellip;]<\/p>\n","protected":false},"author":1,"featured_media":0,"parent":0,"menu_order":0,"comment_status":"closed","ping_status":"closed","template":"","meta":{"_et_pb_use_builder":"on","_et_pb_old_content":"","_et_gb_content_width":"","footnotes":""},"class_list":["post-145","page","type-page","status-publish","hentry"],"_links":{"self":[{"href":"https:\/\/test.thecleaninglounge.de\/index.php?rest_route=\/wp\/v2\/pages\/145","targetHints":{"allow":["GET"]}}],"collection":[{"href":"https:\/\/test.thecleaninglounge.de\/index.php?rest_route=\/wp\/v2\/pages"}],"about":[{"href":"https:\/\/test.thecleaninglounge.de\/index.php?rest_route=\/wp\/v2\/types\/page"}],"author":[{"embeddable":true,"href":"https:\/\/test.thecleaninglounge.de\/index.php?rest_route=\/wp\/v2\/users\/1"}],"replies":[{"embeddable":true,"href":"https:\/\/test.thecleaninglounge.de\/index.php?rest_route=%2Fwp%2Fv2%2Fcomments&post=145"}],"version-history":[{"count":9,"href":"https:\/\/test.thecleaninglounge.de\/index.php?rest_route=\/wp\/v2\/pages\/145\/revisions"}],"predecessor-version":[{"id":192,"href":"https:\/\/test.thecleaninglounge.de\/index.php?rest_route=\/wp\/v2\/pages\/145\/revisions\/192"}],"wp:attachment":[{"href":"https:\/\/test.thecleaninglounge.de\/index.php?rest_route=%2Fwp%2Fv2%2Fmedia&parent=145"}],"curies":[{"name":"wp","href":"https:\/\/api.w.org\/{rel}","templated":true}]}}